{"id":218,"date":"2021-01-17T14:24:55","date_gmt":"2021-01-17T14:24:55","guid":{"rendered":"http:\/\/www.almiram.com.tr\/?page_id=218"},"modified":"2021-02-20T16:17:18","modified_gmt":"2021-02-20T16:17:18","slug":"sude-caydanlik","status":"publish","type":"page","link":"http:\/\/www.almiram.com.tr\/?page_id=218","title":{"rendered":"Sude \u00c7aydanl\u0131k"},"content":{"rendered":"\n\n\t<h2><strong>PAPATYAM SUDE SADE<\/strong><\/h2>\n\t\t\t\t<a href=\"http:\/\/www.almiram.com.tr\/wp-content\/uploads\/2021\/02\/1111.jpg\" target=\"_self\" itemprop=\"url\" rel=\"noopener\">\n\t\t\t\t<img decoding=\"async\" loading=\"lazy\" src=\"http:\/\/www.almiram.com.tr\/wp-content\/uploads\/2021\/02\/1111-1024x755.jpg\" alt=\"PAPATYAM SUDE\" itemprop=\"image\" height=\"513\" width=\"696\" title=\"PAPATYAM SUDE\" onerror=\"this.style.display='none'\"  \/>\n\t\t\t\t<\/a>\n\t\t\t\t<img decoding=\"async\" loading=\"lazy\" src=\"http:\/\/www.almiram.com.tr\/wp-content\/uploads\/2021\/02\/SUDESADEBOY-2.jpg\" alt=\"SUDESADEBOY\" itemprop=\"image\" height=\"694\" width=\"1256\" title=\"SUDESADEBOY\" onerror=\"this.style.display='none'\"  \/>\n\t<h2><strong>PAPATYAM SUDE SATENL\u0130<\/strong><\/h2>\n\t\t\t\t<a href=\"http:\/\/www.almiram.com.tr\/wp-content\/uploads\/2021\/02\/8-1-scaled.jpg\" target=\"_self\" itemprop=\"url\" rel=\"noopener\">\n\t\t\t\t<img decoding=\"async\" loading=\"lazy\" src=\"http:\/\/www.almiram.com.tr\/wp-content\/uploads\/2021\/02\/8-1-1024x755.jpg\" alt=\"PAPATYAM SUDE SATENL\u0130\" itemprop=\"image\" height=\"513\" width=\"696\" title=\"PAPATYAM SUDE SATENL\u0130\" onerror=\"this.style.display='none'\"  \/>\n\t\t\t\t<\/a>\n\t\t\t\t<img decoding=\"async\" loading=\"lazy\" src=\"http:\/\/www.almiram.com.tr\/wp-content\/uploads\/2021\/02\/SUDESATENLIBOY-1.jpg\" alt=\"SUDESATENL\u0130BOY\" itemprop=\"image\" height=\"674\" width=\"1256\" title=\"SUDESATENL\u0130BOY\" onerror=\"this.style.display='none'\"  \/>\n\t<h2><strong>PAPATYAM SUDE METAL KULP<\/strong><\/h2>\n\t\t<meta itemprop=\"url\" content=\"\" \/>\n\t\t\t\t<a href=\"http:\/\/www.almiram.com.tr\/wp-content\/uploads\/2021\/02\/sudemet-1.jpg\" target=\"_self\" itemprop=\"url\" rel=\"noopener\">\n\t\t\t\t<img decoding=\"async\" loading=\"lazy\" src=\"http:\/\/www.almiram.com.tr\/wp-content\/uploads\/2021\/02\/sudemet-1.jpg\" alt=\"PAPATYAM SUDE METAL KULP\" itemprop=\"image\" height=\"887\" width=\"1204\" title=\"PAPATYAM SUDE\" onerror=\"this.style.display='none'\"  \/>\n\t\t\t\t<\/a>\n\t\t\t\t<img decoding=\"async\" loading=\"lazy\" src=\"http:\/\/www.almiram.com.tr\/wp-content\/uploads\/2021\/02\/sudemetboyut.jpg\" alt=\"sudemetboyut\" itemprop=\"image\" height=\"716\" width=\"1256\" title=\"sudemetboyut\" onerror=\"this.style.display='none'\"  \/>\n\t<h2><strong>PAPATYAM SUDE METAL SATENL\u0130<\/strong><\/h2>\n\t\t\t\t<a href=\"http:\/\/www.almiram.com.tr\/wp-content\/uploads\/2021\/02\/burcu-metal-satenli1.jpg\" target=\"_self\" itemprop=\"url\" rel=\"noopener\">\n\t\t\t\t<img decoding=\"async\" loading=\"lazy\" src=\"http:\/\/www.almiram.com.tr\/wp-content\/uploads\/2021\/02\/burcu-metal-satenli1.jpg\" alt=\"burcu metal satenli1\" itemprop=\"image\" height=\"857\" width=\"1163\" title=\"burcu metal satenli1\" onerror=\"this.style.display='none'\"  \/>\n\t\t\t\t<\/a>\n\t\t\t\t<img decoding=\"async\" loading=\"lazy\" src=\"http:\/\/www.almiram.com.tr\/wp-content\/uploads\/2021\/02\/SUDEMETSATBOY-1024x585.jpg\" alt=\"SUDEMETSATBOY\" itemprop=\"image\" height=\"398\" width=\"696\" title=\"SUDEMETSATBOY\" onerror=\"this.style.display='none'\"  \/>\n\t<h2><strong>PAPATYAM SUDE DESENL\u0130<\/strong><\/h2>\n\t\t\t\t<a href=\"http:\/\/www.almiram.com.tr\/wp-content\/uploads\/2021\/02\/PAPATYAMSUDEDESENLI.jpg\" target=\"_self\" itemprop=\"url\" rel=\"noopener\">\n\t\t\t\t<img decoding=\"async\" loading=\"lazy\" src=\"http:\/\/www.almiram.com.tr\/wp-content\/uploads\/2021\/02\/PAPATYAMSUDEDESENLI-1024x754.jpg\" alt=\"PAPATYAMSUDEDESENL\u0130\" itemprop=\"image\" height=\"512\" width=\"696\" title=\"PAPATYAMSUDEDESENL\u0130\" onerror=\"this.style.display='none'\"  \/>\n\t\t\t\t<\/a>\n\t\t<meta itemprop=\"url\" content=\"\" \/>\n\t\t\t\t<img decoding=\"async\" loading=\"lazy\" src=\"http:\/\/www.almiram.com.tr\/wp-content\/uploads\/2021\/02\/BURCUDESENLIBOY-1-1024x594.jpg\" alt=\"BURCUDESENL\u0130BOY\" itemprop=\"image\" height=\"404\" width=\"696\" title=\"BURCUDESENL\u0130BOY\" onerror=\"this.style.display='none'\"  \/>\n\t<h2><strong>PAPATYAM SUDE METAL DESENL\u0130<\/strong><\/h2>\n\t\t\t\t<a href=\"http:\/\/www.almiram.com.tr\/wp-content\/uploads\/2021\/02\/des1.jpg\" target=\"_self\" itemprop=\"url\" rel=\"noopener\">\n\t\t\t\t<img decoding=\"async\" loading=\"lazy\" src=\"http:\/\/www.almiram.com.tr\/wp-content\/uploads\/2021\/02\/des1-1024x755.jpg\" alt=\"PAPATYAM SUDE METAL DESENL\u0130\" itemprop=\"image\" height=\"513\" width=\"696\" title=\"PAPATYAM SUDE METAL DESENL\u0130\" onerror=\"this.style.display='none'\"  \/>\n\t\t\t\t<\/a>\n\t\t\t\t<img decoding=\"async\" loading=\"lazy\" src=\"http:\/\/www.almiram.com.tr\/wp-content\/uploads\/2021\/02\/SUDEMETDESBOY-1.jpg\" alt=\"SUDEMETDESBOY\" itemprop=\"image\" height=\"695\" width=\"1256\" title=\"SUDEMETDESBOY\" onerror=\"this.style.display='none'\"  \/>\n\n","protected":false},"excerpt":{"rendered":"<p>PAPATYAM SUDE SADE PAPATYAM SUDE SATENL\u0130 PAPATYAM SUDE METAL KULP PAPATYAM SUDE METAL SATENL\u0130 PAPATYAM SUDE DESENL\u0130 PAPATYAM SUDE METAL DESENL\u0130<\/p>\n","protected":false},"author":1,"featured_media":0,"parent":0,"menu_order":0,"comment_status":"closed","ping_status":"closed","template":"","meta":[],"_links":{"self":[{"href":"http:\/\/www.almiram.com.tr\/index.php?rest_route=\/wp\/v2\/pages\/218"}],"collection":[{"href":"http:\/\/www.almiram.com.tr\/index.php?rest_route=\/wp\/v2\/pages"}],"about":[{"href":"http:\/\/www.almiram.com.tr\/index.php?rest_route=\/wp\/v2\/types\/page"}],"author":[{"embeddable":true,"href":"http:\/\/www.almiram.com.tr\/index.php?rest_route=\/wp\/v2\/users\/1"}],"replies":[{"embeddable":true,"href":"http:\/\/www.almiram.com.tr\/index.php?rest_route=%2Fwp%2Fv2%2Fcomments&post=218"}],"version-history":[{"count":25,"href":"http:\/\/www.almiram.com.tr\/index.php?rest_route=\/wp\/v2\/pages\/218\/revisions"}],"predecessor-version":[{"id":395,"href":"http:\/\/www.almiram.com.tr\/index.php?rest_route=\/wp\/v2\/pages\/218\/revisions\/395"}],"wp:attachment":[{"href":"http:\/\/www.almiram.com.tr\/index.php?rest_route=%2Fwp%2Fv2%2Fmedia&parent=218"}],"curies":[{"name":"wp","href":"https:\/\/api.w.org\/{rel}","templated":true}]}}