{"id":219,"date":"2021-01-17T14:25:47","date_gmt":"2021-01-17T14:25:47","guid":{"rendered":"http:\/\/www.almiram.com.tr\/?page_id=219"},"modified":"2021-02-18T19:20:57","modified_gmt":"2021-02-18T19:20:57","slug":"kure-caydanlik","status":"publish","type":"page","link":"http:\/\/www.almiram.com.tr\/?page_id=219","title":{"rendered":"K\u00fcre \u00c7aydanl\u0131k"},"content":{"rendered":"\n\n\t<h2><strong>PAPATYAM K\u00dcRE SADE<\/strong><\/h2>\n\t\t\t\t<a href=\"http:\/\/www.almiram.com.tr\/wp-content\/uploads\/2021\/02\/KURESADE-scaled.jpg\" target=\"_self\" itemprop=\"url\" rel=\"noopener\">\n\t\t\t\t<img decoding=\"async\" loading=\"lazy\" src=\"http:\/\/www.almiram.com.tr\/wp-content\/uploads\/2021\/02\/KURESADE-1024x700.jpg\" alt=\"PAPATYAM K\u00dcRE SADE \u00c7AYDANLIK\" itemprop=\"image\" height=\"476\" width=\"696\" title=\"PAPATYAM K\u00dcRE SADE \u00c7AYDANLIK\" onerror=\"this.style.display='none'\"  \/>\n\t\t\t\t<\/a>\n\t\t\t\t<img decoding=\"async\" loading=\"lazy\" src=\"http:\/\/www.almiram.com.tr\/wp-content\/uploads\/2021\/02\/kure-sade-boy-1-1024x400.jpg\" alt=\"k\u00fcre sade boy\" itemprop=\"image\" height=\"272\" width=\"696\" title=\"k\u00fcre sade boy\" onerror=\"this.style.display='none'\"  \/>\n\t<h2><strong>PAPATYAM K\u00dcRE METAL KULP<\/strong><\/h2>\n\t\t\t\t<a href=\"http:\/\/www.almiram.com.tr\/wp-content\/uploads\/2021\/02\/KURE-METAL-scaled.jpg\" target=\"_self\" itemprop=\"url\" rel=\"noopener\">\n\t\t\t\t<img decoding=\"async\" loading=\"lazy\" src=\"http:\/\/www.almiram.com.tr\/wp-content\/uploads\/2021\/02\/KURE-METAL-1024x700.jpg\" alt=\"K\u00dcRE METAL\" itemprop=\"image\" height=\"476\" width=\"696\" title=\"K\u00dcRE METAL\" onerror=\"this.style.display='none'\"  \/>\n\t\t\t\t<\/a>\n\t\t\t\t<img decoding=\"async\" loading=\"lazy\" src=\"http:\/\/www.almiram.com.tr\/wp-content\/uploads\/2021\/02\/KUREMETBOY-1-1024x495.jpg\" alt=\"KUREMETBOY\" itemprop=\"image\" height=\"336\" width=\"696\" title=\"KUREMETBOY\" onerror=\"this.style.display='none'\"  \/>\n\t<h2><strong>PAPATYAM K\u00dcRE DESENL\u0130<\/strong><\/h2>\n\t\t\t\t<a href=\"http:\/\/www.almiram.com.tr\/wp-content\/uploads\/2021\/02\/KUREDESENLI-scaled.jpg\" target=\"_self\" itemprop=\"url\" rel=\"noopener\">\n\t\t\t\t<img decoding=\"async\" loading=\"lazy\" src=\"http:\/\/www.almiram.com.tr\/wp-content\/uploads\/2021\/02\/KUREDESENLI-1024x700.jpg\" alt=\"PAPATYAM K\u00dcRE DESENL\u0130 \u00c7AYDANLIK\" itemprop=\"image\" height=\"476\" width=\"696\" title=\"PAPATYAM K\u00dcRE DESENL\u0130 \u00c7AYDANLIK\" onerror=\"this.style.display='none'\"  \/>\n\t\t\t\t<\/a>\n\t\t\t\t<img decoding=\"async\" loading=\"lazy\" src=\"http:\/\/www.almiram.com.tr\/wp-content\/uploads\/2021\/02\/KURDESBOY-1.jpg\" alt=\"K\u00dcRDESBOY\" itemprop=\"image\" height=\"686\" width=\"1757\" title=\"K\u00dcRDESBOY\" onerror=\"this.style.display='none'\"  \/>\n\t<h2><strong>PAPATYAM K\u00dcRE DESENL\u0130 METAL KULP<\/strong><\/h2>\n\t\t\t\t<a href=\"http:\/\/www.almiram.com.tr\/wp-content\/uploads\/2021\/02\/KURE-METAL-DESENLI.jpg\" target=\"_self\" itemprop=\"url\" rel=\"noopener\">\n\t\t\t\t<img decoding=\"async\" loading=\"lazy\" src=\"http:\/\/www.almiram.com.tr\/wp-content\/uploads\/2021\/02\/KURE-METAL-DESENLI-1024x700.jpg\" alt=\"PAPATYAM K\u00dcRE METAL DESENL\u0130\" itemprop=\"image\" height=\"476\" width=\"696\" title=\"PAPATYAM K\u00dcRE METAL DESENL\u0130\" onerror=\"this.style.display='none'\"  \/>\n\t\t\t\t<\/a>\n\t\t\t\t<img decoding=\"async\" loading=\"lazy\" src=\"http:\/\/www.almiram.com.tr\/wp-content\/uploads\/2021\/02\/KUREMETDES-1.jpg\" alt=\"K\u00dcREMETDES\" itemprop=\"image\" height=\"670\" width=\"1417\" title=\"K\u00dcREMETDES\" onerror=\"this.style.display='none'\"  \/>\n\t<h2><strong>PAPATYAM K\u00dcRE SATENL\u0130<\/strong><\/h2>\n\t\t\t\t<a href=\"http:\/\/www.almiram.com.tr\/wp-content\/uploads\/2021\/02\/KURE-SATENLI.jpg\" target=\"_self\" itemprop=\"url\" rel=\"noopener\">\n\t\t\t\t<img decoding=\"async\" loading=\"lazy\" src=\"http:\/\/www.almiram.com.tr\/wp-content\/uploads\/2021\/02\/KURE-SATENLI-1024x700.jpg\" alt=\"PAPATYAM K\u00dcRE SATENL\u0130\" itemprop=\"image\" height=\"476\" width=\"696\" title=\"PAPATYAM K\u00dcRE SATENL\u0130\" onerror=\"this.style.display='none'\"  \/>\n\t\t\t\t<\/a>\n\t\t\t\t<img decoding=\"async\" loading=\"lazy\" src=\"http:\/\/www.almiram.com.tr\/wp-content\/uploads\/2021\/02\/kuresatboy-1-1024x400.jpg\" alt=\"k\u00fcresatboy\" itemprop=\"image\" height=\"272\" width=\"696\" title=\"k\u00fcresatboy\" onerror=\"this.style.display='none'\"  \/>\n\t<h2><strong>PAPATYAM K\u00dcRE SATENL\u0130 METAL KULP<\/strong><\/h2>\n\t\t\t\t<a href=\"http:\/\/www.almiram.com.tr\/wp-content\/uploads\/2021\/02\/KURE-METAL-SATENLI-scaled.jpg\" target=\"_self\" itemprop=\"url\" rel=\"noopener\">\n\t\t\t\t<img decoding=\"async\" loading=\"lazy\" src=\"http:\/\/www.almiram.com.tr\/wp-content\/uploads\/2021\/02\/KURE-METAL-SATENLI-1024x700.jpg\" alt=\"K\u00dcRE METAL SATENL\u0130\" itemprop=\"image\" height=\"476\" width=\"696\" title=\"K\u00dcRE METAL SATENL\u0130\" onerror=\"this.style.display='none'\"  \/>\n\t\t\t\t<\/a>\n\t\t\t\t<img decoding=\"async\" loading=\"lazy\" src=\"http:\/\/www.almiram.com.tr\/wp-content\/uploads\/2021\/02\/KUREMETSATBOY-1-1024x489.jpg\" alt=\"K\u00dcREMETSATBOY\" itemprop=\"image\" height=\"332\" width=\"696\" title=\"K\u00dcREMETSATBOY\" onerror=\"this.style.display='none'\"  \/>\n\n","protected":false},"excerpt":{"rendered":"<p>PAPATYAM K\u00dcRE SADE PAPATYAM K\u00dcRE METAL KULP PAPATYAM K\u00dcRE DESENL\u0130 PAPATYAM K\u00dcRE DESENL\u0130 METAL KULP PAPATYAM K\u00dcRE SATENL\u0130 PAPATYAM K\u00dcRE SATENL\u0130 METAL KULP<\/p>\n","protected":false},"author":1,"featured_media":0,"parent":0,"menu_order":0,"comment_status":"closed","ping_status":"closed","template":"","meta":[],"_links":{"self":[{"href":"http:\/\/www.almiram.com.tr\/index.php?rest_route=\/wp\/v2\/pages\/219"}],"collection":[{"href":"http:\/\/www.almiram.com.tr\/index.php?rest_route=\/wp\/v2\/pages"}],"about":[{"href":"http:\/\/www.almiram.com.tr\/index.php?rest_route=\/wp\/v2\/types\/page"}],"author":[{"embeddable":true,"href":"http:\/\/www.almiram.com.tr\/index.php?rest_route=\/wp\/v2\/users\/1"}],"replies":[{"embeddable":true,"href":"http:\/\/www.almiram.com.tr\/index.php?rest_route=%2Fwp%2Fv2%2Fcomments&post=219"}],"version-history":[{"count":19,"href":"http:\/\/www.almiram.com.tr\/index.php?rest_route=\/wp\/v2\/pages\/219\/revisions"}],"predecessor-version":[{"id":393,"href":"http:\/\/www.almiram.com.tr\/index.php?rest_route=\/wp\/v2\/pages\/219\/revisions\/393"}],"wp:attachment":[{"href":"http:\/\/www.almiram.com.tr\/index.php?rest_route=%2Fwp%2Fv2%2Fmedia&parent=219"}],"curies":[{"name":"wp","href":"https:\/\/api.w.org\/{rel}","templated":true}]}}