{"id":50,"date":"2021-01-15T14:25:52","date_gmt":"2021-01-15T14:25:52","guid":{"rendered":"http:\/\/www.almiram.com.tr\/?page_id=50"},"modified":"2021-01-15T16:37:04","modified_gmt":"2021-01-15T16:37:04","slug":"iletisim","status":"publish","type":"page","link":"http:\/\/www.almiram.com.tr\/?page_id=50","title":{"rendered":"\u0130leti\u015fim"},"content":{"rendered":"\n\n\t<h3>AL-M\u0130RAM METAL MUTFAK E\u015eYALARI<\/h3>\n<h4>Yavuz Selim Mah. Yeni Sanayi Sitesi<\/h4>\n<h4>De\u011firmenciler Cd. NO: 6-8<\/h4>\n<h4>Dulkadiro\u011flu\/KAHRAMANMARA\u015e<\/h4>\n<h4>SATI\u015e &#8211; PAZARLAMA DEPARTMANI<\/h4>\n<h4><a href=\"mailto:satis@almiram.com.tr\">satis@almiram.com.tr<\/a><\/h4>\n<h4>MURAT BOZLAKO\u011eLU &#8211; 0537 436 96 28<\/h4>\n<h4>HAN\u0130F\u0130 BOZLAKO\u011eLU &#8211; 0544 546 30 88<\/h4>\n<h4>\u00d6KKE\u015e BOZLAKO\u011eLU &#8211; 0537 522 68 50<\/h4>\n<h4>MUHASEBE DEPARTMANI<\/h4>\n<h4>LEYLA ABATA\u015e &#8211; 0553 278 27 49 &#8211; 0344 236 27 13<\/h4>\n<h4><a href=\"mailto:info@almiram.com.tr\">info@almiram.com.tr<\/a><\/h4>\n\t<iframe loading=\"lazy\" src=\"https:\/\/www.google.com\/maps\/embed?pb=!1m14!1m8!1m3!1d12650.30591530631!2d36.9637465!3d37.5650409!3m2!1i1024!2i768!4f13.1!3m3!1m2!1s0x0%3A0xd90a3bb4c120399b!2zQUxNxLBSQU0gTUVUQUwgTVVURkFLIEXFnllBTEFSSSAtw5ZLS0XFniBCT1pMQUtPxJ5MVQ!5e0!3m2!1str!2str!4v1610730601350!5m2!1str!2str\" width=\"520\" height=\"600\" frameborder=\"0\" allowfullscreen=\"\" aria-hidden=\"false\" tabindex=\"0\"><\/iframe>\n\n","protected":false},"excerpt":{"rendered":"<p>AL-M\u0130RAM METAL MUTFAK E\u015eYALARI Yavuz Selim Mah. Yeni Sanayi Sitesi De\u011firmenciler Cd. NO: 6-8 Dulkadiro\u011flu\/KAHRAMANMARA\u015e SATI\u015e &#8211; PAZARLAMA DEPARTMANI satis@almiram.com.tr MURAT BOZLAKO\u011eLU &#8211; 0537 436 96 28 HAN\u0130F\u0130 BOZLAKO\u011eLU &#8211; 0544 546 30 88 \u00d6KKE\u015e BOZLAKO\u011eLU &#8211; 0537 522 68 50 MUHASEBE DEPARTMANI LEYLA ABATA\u015e &#8211; 0553 278 27 49 &#8211; 0344 236 27 13&hellip; <br \/> <a class=\"read-more\" href=\"http:\/\/www.almiram.com.tr\/?page_id=50\">Devam\u0131<\/a><\/p>\n","protected":false},"author":1,"featured_media":0,"parent":0,"menu_order":0,"comment_status":"closed","ping_status":"closed","template":"","meta":[],"_links":{"self":[{"href":"http:\/\/www.almiram.com.tr\/index.php?rest_route=\/wp\/v2\/pages\/50"}],"collection":[{"href":"http:\/\/www.almiram.com.tr\/index.php?rest_route=\/wp\/v2\/pages"}],"about":[{"href":"http:\/\/www.almiram.com.tr\/index.php?rest_route=\/wp\/v2\/types\/page"}],"author":[{"embeddable":true,"href":"http:\/\/www.almiram.com.tr\/index.php?rest_route=\/wp\/v2\/users\/1"}],"replies":[{"embeddable":true,"href":"http:\/\/www.almiram.com.tr\/index.php?rest_route=%2Fwp%2Fv2%2Fcomments&post=50"}],"version-history":[{"count":5,"href":"http:\/\/www.almiram.com.tr\/index.php?rest_route=\/wp\/v2\/pages\/50\/revisions"}],"predecessor-version":[{"id":84,"href":"http:\/\/www.almiram.com.tr\/index.php?rest_route=\/wp\/v2\/pages\/50\/revisions\/84"}],"wp:attachment":[{"href":"http:\/\/www.almiram.com.tr\/index.php?rest_route=%2Fwp%2Fv2%2Fmedia&parent=50"}],"curies":[{"name":"wp","href":"https:\/\/api.w.org\/{rel}","templated":true}]}}