{"id":53,"date":"2021-01-15T14:26:36","date_gmt":"2021-01-15T14:26:36","guid":{"rendered":"http:\/\/www.almiram.com.tr\/?page_id=53"},"modified":"2021-02-14T11:08:50","modified_gmt":"2021-02-14T11:08:50","slug":"hakkimizda","status":"publish","type":"page","link":"http:\/\/www.almiram.com.tr\/?page_id=53","title":{"rendered":"Hakk\u0131m\u0131zda"},"content":{"rendered":"\n\n\t\t\t\t<img decoding=\"async\" loading=\"lazy\" src=\"http:\/\/www.almiram.com.tr\/wp-content\/uploads\/2021\/01\/WhatsApp-Image-2021-01-15-at-20.12.28-576x1024.jpeg\" alt=\"WhatsApp Image 2021-01-15 at 20.12.28\" itemprop=\"image\" height=\"1024\" width=\"576\" title=\"WhatsApp Image 2021-01-15 at 20.12.28\" onerror=\"this.style.display='none'\"  \/>\n\tFirmam\u0131z 1988 Metal mutfak e\u015fyalar\u0131 sekt\u00f6re \u00d6kke\u015f BOZLAKO\u011eLU Taraf\u0131ndan hayat\u0131na ba\u015flam\u0131\u015ft\u0131r. 2000 y\u0131l\u0131ndan itibaren piyasan\u0131n \u015fartlar\u0131na g\u00f6re kendini yenileyerek \u00fcretim teknolojisini g\u00fcn\u00fcn \u015fartlar\u0131na uygun hale getirerek \u00c7elik mutfak e\u015fyalar\u0131 ile \u00fcretime devam etmektedir<br \/>\nALM\u0130RAM ve PAPATYAM markas\u0131yla piyasada aktif olarak kendini yenileyerek devam etmektedir.\n<p>Vizyonumuz<\/p>\n<p>Kurulu\u015fumuzdaki amac\u0131n gereklerini yerine getirerek; k\u00fcresel pazarda payda\u015flar\u0131 i\u00e7in yaratt\u0131\u011f\u0131 de\u011ferler ile s\u00fcrd\u00fcr\u00fclebilir b\u00fcy\u00fcmesini koruyan,rekabet g\u00fcc\u00fc ile tercih edilen, g\u00fcven duyulan, \u00e7evreye ve insana duyarl\u0131 bir teknoloji firmas\u0131 olmak.<\/p>\n<p>Mizyonumuz<\/p>\n<p>Yurt i\u00e7i ve d\u0131\u015f\u0131ndaki m\u00fc\u015fterilerine katma de\u011feri y\u00fcksek, yenilik\u00e7i ve g\u00fcvenilir \u00fcr\u00fcn ve \u00e7\u00f6z\u00fcmler sunmak ve k\u00fcresel hedeflerine marka bilinirli\u011fini art\u0131rarak ula\u015fan, halk\u0131na gurur veren bir \u015firketi olmak.<\/p>\n<p>&nbsp;<\/p>\n\t\t\t\t<img decoding=\"async\" loading=\"lazy\" src=\"http:\/\/www.almiram.com.tr\/wp-content\/uploads\/2021\/01\/almiram.jpeg\" alt=\"almiram\" itemprop=\"image\" height=\"1244\" width=\"826\" title=\"almiram\" onerror=\"this.style.display='none'\"  \/>\n\t\t\t\t<img decoding=\"async\" loading=\"lazy\" src=\"http:\/\/www.almiram.com.tr\/wp-content\/uploads\/2021\/01\/empa-1.jpg\" alt=\"empa-1\" itemprop=\"image\" height=\"1389\" width=\"903\" title=\"empa-1\" onerror=\"this.style.display='none'\"  \/>\n\n","protected":false},"excerpt":{"rendered":"<p>Firmam\u0131z 1988 Metal mutfak e\u015fyalar\u0131 sekt\u00f6re \u00d6kke\u015f BOZLAKO\u011eLU Taraf\u0131ndan hayat\u0131na ba\u015flam\u0131\u015ft\u0131r. 2000 y\u0131l\u0131ndan itibaren piyasan\u0131n \u015fartlar\u0131na g\u00f6re kendini yenileyerek \u00fcretim teknolojisini g\u00fcn\u00fcn \u015fartlar\u0131na uygun hale getirerek \u00c7elik mutfak e\u015fyalar\u0131 ile \u00fcretime devam etmektedir ALM\u0130RAM ve PAPATYAM markas\u0131yla piyasada aktif olarak kendini yenileyerek devam etmektedir. Vizyonumuz Kurulu\u015fumuzdaki amac\u0131n gereklerini yerine getirerek; k\u00fcresel pazarda payda\u015flar\u0131 i\u00e7in yaratt\u0131\u011f\u0131&hellip; <br \/> <a class=\"read-more\" href=\"http:\/\/www.almiram.com.tr\/?page_id=53\">Devam\u0131<\/a><\/p>\n","protected":false},"author":1,"featured_media":0,"parent":0,"menu_order":0,"comment_status":"closed","ping_status":"closed","template":"","meta":[],"_links":{"self":[{"href":"http:\/\/www.almiram.com.tr\/index.php?rest_route=\/wp\/v2\/pages\/53"}],"collection":[{"href":"http:\/\/www.almiram.com.tr\/index.php?rest_route=\/wp\/v2\/pages"}],"about":[{"href":"http:\/\/www.almiram.com.tr\/index.php?rest_route=\/wp\/v2\/types\/page"}],"author":[{"embeddable":true,"href":"http:\/\/www.almiram.com.tr\/index.php?rest_route=\/wp\/v2\/users\/1"}],"replies":[{"embeddable":true,"href":"http:\/\/www.almiram.com.tr\/index.php?rest_route=%2Fwp%2Fv2%2Fcomments&post=53"}],"version-history":[{"count":5,"href":"http:\/\/www.almiram.com.tr\/index.php?rest_route=\/wp\/v2\/pages\/53\/revisions"}],"predecessor-version":[{"id":373,"href":"http:\/\/www.almiram.com.tr\/index.php?rest_route=\/wp\/v2\/pages\/53\/revisions\/373"}],"wp:attachment":[{"href":"http:\/\/www.almiram.com.tr\/index.php?rest_route=%2Fwp%2Fv2%2Fmedia&parent=53"}],"curies":[{"name":"wp","href":"https:\/\/api.w.org\/{rel}","templated":true}]}}